{"id":12414,"date":"2023-07-31T15:23:01","date_gmt":"2023-07-31T15:23:01","guid":{"rendered":"https:\/\/www.bup.at\/?page_id=12414"},"modified":"2023-11-08T21:21:22","modified_gmt":"2023-11-08T21:21:22","slug":"fachinformationen","status":"publish","type":"page","link":"https:\/\/www.bup.at\/en\/client-corner\/fachinformationen\/","title":{"rendered":"Specialized information"},"content":{"rendered":"\t\t<div data-elementor-type=\"wp-page\" data-elementor-id=\"12414\" class=\"elementor elementor-12414 elementor-12413\" data-elementor-post-type=\"page\">\n\t\t\t\t<div class=\"elementor-element elementor-element-dc1580d e-con-full e-flex e-con e-parent\" data-id=\"dc1580d\" data-element_type=\"container\">\n\t\t\t\t<div class=\"elementor-element elementor-element-c173885 bup-bg-image-overlay--on bup-ani--onload bup-layout--page elementor-widget elementor-widget-bup_page_header_widget\" data-id=\"c173885\" data-element_type=\"widget\" data-widget_type=\"bup_page_header_widget.default\">\n\t\t\t\t<div class=\"elementor-widget-container\">\n\t\t\t\t\t<header class=\"bup-page-header\"><div class=\"bup-page-header-bg\">  <div class=\"bup-page-header-bg-inner\" style=\"background-image:url(https:\/\/www.bup.at\/wp-content\/uploads\/2023\/10\/fachinformationen_header-blau.jpg)\"><\/div><\/div><div class=\"bup-page-header-content\">  <div class=\"bup-page-header-t  bup-ani-t bup-ani-tr\"><\/div>  <div class=\"bup-page-header-c  bup-ani-cl\">    <div class=\"bup-page-header-heading  bup-ani-textIn\"><p>Specialized information<\/p>\n    <\/div>  <\/div>  <div class=\"bup-page-header-b  bup-ani-b bup-ani-br\"><\/div><\/div><\/header>\t\t\t\t<\/div>\n\t\t\t\t<\/div>\n\t\t\t\t<\/div>\n\t\t<div class=\"elementor-element elementor-element-6a1915c e-flex e-con-boxed e-con e-parent\" data-id=\"6a1915c\" data-element_type=\"container\">\n\t\t\t\t\t<div class=\"e-con-inner\">\n\t\t\t\t<div class=\"elementor-element elementor-element-d6d2728 elementor-widget elementor-widget-bup_two_columns_with_hdivider_widget\" data-id=\"d6d2728\" data-element_type=\"widget\" data-widget_type=\"bup_two_columns_with_hdivider_widget.default\">\n\t\t\t\t<div class=\"elementor-widget-container\">\n\t\t\t\t\t\n        <section class=\"bup-two-columns-with-hdivider-widget\">\n            <div class=\"bup-two-columns-with-hdivider-widget-container\">\n                <div class=\"bup-two-columns-left\">\n                    <h2>Current and interesting facts<\/h2>\n                    <h3><\/h3>\n                <\/div>\n                <div class=\"bup-two-columns-hdivider\">\n                    <div><\/div>\n                <\/div>\n                <div class=\"bup-two-columns-right\">\n                    <div>\n                        <p style=\"text-align: left;\">Baldinger und Partner provides you with important basic information on frequently asked topics under the specialist information section. Please contact us so that we can provide you with individual, solution-oriented advice!<\/p>                                            <\/div>\n                <\/div>\n            <\/div>\n        <\/section>\n\n        \t\t\t\t<\/div>\n\t\t\t\t<\/div>\n\t\t<div class=\"elementor-element elementor-element-393e53e e-flex e-con-boxed e-con e-parent\" data-id=\"393e53e\" data-element_type=\"container\">\n\t\t\t\t\t<div class=\"e-con-inner\">\n\t\t\t\t<div class=\"elementor-element elementor-element-2d2638f elementor-widget elementor-widget-bup_fachbereiche_widget\" data-id=\"2d2638f\" data-element_type=\"widget\" data-widget_type=\"bup_fachbereiche_widget.default\">\n\t\t\t\t<div class=\"elementor-widget-container\">\n\t\t\t\t\t            <div class=\"bup-fachbereich-widget fachbereich\">\n                <div class=\"bup-fachbereich-content-wrapper\">\n\n<a href=\"https:\/\/www.bup.at\/en\/fachbereich\/allgemeine-steuerliche-informationen\/\" class=\"bup-fachbereich-item\">\n    <div class=\"bup-fachbereich-item-content\">\n        <div class=\"bup-fachbereich-item-description\">\n            <div class=\"bup-fachbereich-item-info\">\n                <h3>Allgemeine steuerliche Informationen<\/h3>\n            <\/div>\n                    <\/div>\n    <\/div>\n<\/a>\n       \n<a href=\"https:\/\/www.bup.at\/en\/fachbereich\/buchhaltung-umsatzsteuer\/\" class=\"bup-fachbereich-item\">\n    <div class=\"bup-fachbereich-item-content\">\n        <div class=\"bup-fachbereich-item-description\">\n            <div class=\"bup-fachbereich-item-info\">\n                <h3>Buchhaltung, Umsatzsteuer<\/h3>\n            <\/div>\n                    <\/div>\n    <\/div>\n<\/a>\n       \n<a href=\"https:\/\/www.bup.at\/en\/fachbereich\/rechtsformgestaltung\/\" class=\"bup-fachbereich-item\">\n    <div class=\"bup-fachbereich-item-content\">\n        <div class=\"bup-fachbereich-item-description\">\n            <div class=\"bup-fachbereich-item-info\">\n                <h3>Rechtsformgestaltung<\/h3>\n            <\/div>\n                    <\/div>\n    <\/div>\n<\/a>\n       \n<a href=\"https:\/\/www.bup.at\/en\/fachbereich\/unternehmensgruendung-planung-und-controlling\/\" class=\"bup-fachbereich-item\">\n    <div class=\"bup-fachbereich-item-content\">\n        <div class=\"bup-fachbereich-item-description\">\n            <div class=\"bup-fachbereich-item-info\">\n                <h3>Unternehmensgr\u00fcndung, Planung und Controlling<\/h3>\n            <\/div>\n                    <\/div>\n    <\/div>\n<\/a>\n       \n<a href=\"https:\/\/www.bup.at\/en\/fachbereich\/alles-rund-ums-auto-kfz\/\" class=\"bup-fachbereich-item\">\n    <div class=\"bup-fachbereich-item-content\">\n        <div class=\"bup-fachbereich-item-description\">\n            <div class=\"bup-fachbereich-item-info\">\n                <h3>Alles rund ums Auto (Kfz)<\/h3>\n            <\/div>\n                    <\/div>\n    <\/div>\n<\/a>\n       \n<a href=\"https:\/\/www.bup.at\/en\/fachbereich\/fachinformationen-fuer-aerzte-und-praxisgruendung\/\" class=\"bup-fachbereich-item\">\n    <div class=\"bup-fachbereich-item-content\">\n        <div class=\"bup-fachbereich-item-description\">\n            <div class=\"bup-fachbereich-item-info\">\n                <h3>Fachinformationen f\u00fcr \u00c4rzte und Praxisgr\u00fcndung<\/h3>\n            <\/div>\n                    <\/div>\n    <\/div>\n<\/a>\n       \n<a href=\"https:\/\/www.bup.at\/en\/fachbereich\/vermietung-von-immobilien\/\" class=\"bup-fachbereich-item\">\n    <div class=\"bup-fachbereich-item-content\">\n        <div class=\"bup-fachbereich-item-description\">\n            <div class=\"bup-fachbereich-item-info\">\n                <h3>Vermietung von Immobilien<\/h3>\n            <\/div>\n                    <\/div>\n    <\/div>\n<\/a>\n       \n<a href=\"https:\/\/www.bup.at\/en\/fachbereich\/vpi-foerderstellen-und-sozialversicherungs-beitragswerte\/\" class=\"bup-fachbereich-item\">\n    <div class=\"bup-fachbereich-item-content\">\n        <div class=\"bup-fachbereich-item-description\">\n            <div class=\"bup-fachbereich-item-info\">\n                <h3>VPI, F\u00f6rderstellen und sozialversicherungs-Beitragswerte<\/h3>\n            <\/div>\n                    <\/div>\n    <\/div>\n<\/a>\n       \n<a href=\"https:\/\/www.bup.at\/en\/fachbereich\/informationen-in-englisch\/\" class=\"bup-fachbereich-item\">\n    <div class=\"bup-fachbereich-item-content\">\n        <div class=\"bup-fachbereich-item-description\">\n            <div class=\"bup-fachbereich-item-info\">\n                <h3>Informationen auf Englisch<\/h3>\n            <\/div>\n                    <\/div>\n    <\/div>\n<\/a>\n                       <\/div>\n            <\/div>\n        \t\t\t\t<\/div>\n\t\t\t\t<\/div>\n\t\t\t\t\t<\/div>\n\t\t\t\t<\/div>\n\t\t\t\t\t<\/div>\n\t\t\t\t<\/div>\n\t\t\t\t<\/div>\n\t\t","protected":false},"excerpt":{"rendered":"<p>Specialized information Current and interesting facts Baldinger und Partner provides you with important basic information on frequently asked topics under the specialist information section. Please contact us so that we can provide you with individual, solution-oriented advice! Allgemeine steuerliche Informationen Buchhaltung, Umsatzsteuer Rechtsformgestaltung Unternehmensgr\u00fcndung, Planung und Controlling Alles rund ums Auto (Kfz) Fachinformationen f\u00fcr \u00c4rzte [&hellip;]<\/p>\n","protected":false},"author":5,"featured_media":13745,"parent":1791,"menu_order":0,"comment_status":"closed","ping_status":"closed","template":"","meta":{"_acf_changed":false,"footnotes":""},"class_list":["post-12414","page","type-page","status-publish","has-post-thumbnail","hentry"],"acf":[],"yoast_head":"<!-- This site is optimized with the Yoast SEO plugin v26.1 - https:\/\/yoast.com\/wordpress\/plugins\/seo\/ -->\n<title>Specialized information - Baldinger und Partner<\/title>\n<meta name=\"robots\" content=\"index, follow, max-snippet:-1, max-image-preview:large, max-video-preview:-1\" \/>\n<link rel=\"canonical\" href=\"https:\/\/www.bup.at\/client-corner\/fachinformationen\/\" \/>\n<meta property=\"og:locale\" content=\"en_US\" \/>\n<meta property=\"og:type\" content=\"article\" \/>\n<meta property=\"og:title\" content=\"Specialized information - Baldinger und Partner\" \/>\n<meta property=\"og:description\" content=\"Specialized information Current and interesting facts Baldinger und Partner provides you with important basic information on frequently asked topics under the specialist information section. Please contact us so that we can provide you with individual, solution-oriented advice! Allgemeine steuerliche Informationen Buchhaltung, Umsatzsteuer Rechtsformgestaltung Unternehmensgr\u00fcndung, Planung und Controlling Alles rund ums Auto (Kfz) Fachinformationen f\u00fcr \u00c4rzte [&hellip;]\" \/>\n<meta property=\"og:url\" content=\"https:\/\/www.bup.at\/client-corner\/fachinformationen\/\" \/>\n<meta property=\"og:site_name\" content=\"Baldinger und Partner\" \/>\n<meta property=\"article:modified_time\" content=\"2023-11-08T21:21:22+00:00\" \/>\n<meta property=\"og:image\" content=\"https:\/\/www.bup.at\/wp-content\/uploads\/2023\/10\/fachinformationen_header-blau.jpg\" \/>\n\t<meta property=\"og:image:width\" content=\"1920\" \/>\n\t<meta property=\"og:image:height\" content=\"771\" \/>\n\t<meta property=\"og:image:type\" content=\"image\/jpeg\" \/>\n<meta name=\"twitter:card\" content=\"summary_large_image\" \/>\n<meta name=\"twitter:label1\" content=\"Est. reading time\" \/>\n\t<meta name=\"twitter:data1\" content=\"1 minute\" \/>\n<script type=\"application\/ld+json\" class=\"yoast-schema-graph\">{\"@context\":\"https:\/\/schema.org\",\"@graph\":[{\"@type\":\"WebPage\",\"@id\":\"https:\/\/www.bup.at\/client-corner\/fachinformationen\/\",\"url\":\"https:\/\/www.bup.at\/client-corner\/fachinformationen\/\",\"name\":\"Specialized information - Baldinger und Partner\",\"isPartOf\":{\"@id\":\"https:\/\/www.bup.at\/#website\"},\"primaryImageOfPage\":{\"@id\":\"https:\/\/www.bup.at\/client-corner\/fachinformationen\/#primaryimage\"},\"image\":{\"@id\":\"https:\/\/www.bup.at\/client-corner\/fachinformationen\/#primaryimage\"},\"thumbnailUrl\":\"https:\/\/www.bup.at\/wp-content\/uploads\/2023\/10\/fachinformationen_header-blau.jpg\",\"datePublished\":\"2023-07-31T15:23:01+00:00\",\"dateModified\":\"2023-11-08T21:21:22+00:00\",\"breadcrumb\":{\"@id\":\"https:\/\/www.bup.at\/client-corner\/fachinformationen\/#breadcrumb\"},\"inLanguage\":\"en-US\",\"potentialAction\":[{\"@type\":\"ReadAction\",\"target\":[\"https:\/\/www.bup.at\/client-corner\/fachinformationen\/\"]}]},{\"@type\":\"ImageObject\",\"inLanguage\":\"en-US\",\"@id\":\"https:\/\/www.bup.at\/client-corner\/fachinformationen\/#primaryimage\",\"url\":\"https:\/\/www.bup.at\/wp-content\/uploads\/2023\/10\/fachinformationen_header-blau.jpg\",\"contentUrl\":\"https:\/\/www.bup.at\/wp-content\/uploads\/2023\/10\/fachinformationen_header-blau.jpg\",\"width\":1920,\"height\":771,\"caption\":\"Foto von f\u00fcnf W\u00fcrfeln mit verschiedenen Icons. Eine Hand h\u00e4lt einen dieser W\u00fcrfel\"},{\"@type\":\"BreadcrumbList\",\"@id\":\"https:\/\/www.bup.at\/client-corner\/fachinformationen\/#breadcrumb\",\"itemListElement\":[{\"@type\":\"ListItem\",\"position\":1,\"name\":\"Startseite\",\"item\":\"https:\/\/www.bup.at\/\"},{\"@type\":\"ListItem\",\"position\":2,\"name\":\"Client Corner\",\"item\":\"https:\/\/www.bup.at\/client-corner\/\"},{\"@type\":\"ListItem\",\"position\":3,\"name\":\"Specialized information\"}]},{\"@type\":\"WebSite\",\"@id\":\"https:\/\/www.bup.at\/#website\",\"url\":\"https:\/\/www.bup.at\/\",\"name\":\"Baldinger und Partner\",\"description\":\"\",\"publisher\":{\"@id\":\"https:\/\/www.bup.at\/#organization\"},\"potentialAction\":[{\"@type\":\"SearchAction\",\"target\":{\"@type\":\"EntryPoint\",\"urlTemplate\":\"https:\/\/www.bup.at\/?s={search_term_string}\"},\"query-input\":{\"@type\":\"PropertyValueSpecification\",\"valueRequired\":true,\"valueName\":\"search_term_string\"}}],\"inLanguage\":\"en-US\"},{\"@type\":\"Organization\",\"@id\":\"https:\/\/www.bup.at\/#organization\",\"name\":\"Baldinger und Partner\",\"url\":\"https:\/\/www.bup.at\/\",\"logo\":{\"@type\":\"ImageObject\",\"inLanguage\":\"en-US\",\"@id\":\"https:\/\/www.bup.at\/#\/schema\/logo\/image\/\",\"url\":\"https:\/\/www.bup.at\/wp-content\/uploads\/2023\/04\/logo.svg\",\"contentUrl\":\"https:\/\/www.bup.at\/wp-content\/uploads\/2023\/04\/logo.svg\",\"width\":547,\"height\":220,\"caption\":\"Baldinger und Partner\"},\"image\":{\"@id\":\"https:\/\/www.bup.at\/#\/schema\/logo\/image\/\"}}]}<\/script>\n<!-- \/ Yoast SEO plugin. -->","yoast_head_json":{"title":"Specialized information - Baldinger und Partner","robots":{"index":"index","follow":"follow","max-snippet":"max-snippet:-1","max-image-preview":"max-image-preview:large","max-video-preview":"max-video-preview:-1"},"canonical":"https:\/\/www.bup.at\/client-corner\/fachinformationen\/","og_locale":"en_US","og_type":"article","og_title":"Specialized information - Baldinger und Partner","og_description":"Specialized information Current and interesting facts Baldinger und Partner provides you with important basic information on frequently asked topics under the specialist information section. Please contact us so that we can provide you with individual, solution-oriented advice! Allgemeine steuerliche Informationen Buchhaltung, Umsatzsteuer Rechtsformgestaltung Unternehmensgr\u00fcndung, Planung und Controlling Alles rund ums Auto (Kfz) Fachinformationen f\u00fcr \u00c4rzte [&hellip;]","og_url":"https:\/\/www.bup.at\/client-corner\/fachinformationen\/","og_site_name":"Baldinger und Partner","article_modified_time":"2023-11-08T21:21:22+00:00","og_image":[{"width":1920,"height":771,"url":"https:\/\/www.bup.at\/wp-content\/uploads\/2023\/10\/fachinformationen_header-blau.jpg","type":"image\/jpeg"}],"twitter_card":"summary_large_image","twitter_misc":{"Est. reading time":"1 minute"},"schema":{"@context":"https:\/\/schema.org","@graph":[{"@type":"WebPage","@id":"https:\/\/www.bup.at\/client-corner\/fachinformationen\/","url":"https:\/\/www.bup.at\/client-corner\/fachinformationen\/","name":"Specialized information - Baldinger und Partner","isPartOf":{"@id":"https:\/\/www.bup.at\/#website"},"primaryImageOfPage":{"@id":"https:\/\/www.bup.at\/client-corner\/fachinformationen\/#primaryimage"},"image":{"@id":"https:\/\/www.bup.at\/client-corner\/fachinformationen\/#primaryimage"},"thumbnailUrl":"https:\/\/www.bup.at\/wp-content\/uploads\/2023\/10\/fachinformationen_header-blau.jpg","datePublished":"2023-07-31T15:23:01+00:00","dateModified":"2023-11-08T21:21:22+00:00","breadcrumb":{"@id":"https:\/\/www.bup.at\/client-corner\/fachinformationen\/#breadcrumb"},"inLanguage":"en-US","potentialAction":[{"@type":"ReadAction","target":["https:\/\/www.bup.at\/client-corner\/fachinformationen\/"]}]},{"@type":"ImageObject","inLanguage":"en-US","@id":"https:\/\/www.bup.at\/client-corner\/fachinformationen\/#primaryimage","url":"https:\/\/www.bup.at\/wp-content\/uploads\/2023\/10\/fachinformationen_header-blau.jpg","contentUrl":"https:\/\/www.bup.at\/wp-content\/uploads\/2023\/10\/fachinformationen_header-blau.jpg","width":1920,"height":771,"caption":"Foto von f\u00fcnf W\u00fcrfeln mit verschiedenen Icons. Eine Hand h\u00e4lt einen dieser W\u00fcrfel"},{"@type":"BreadcrumbList","@id":"https:\/\/www.bup.at\/client-corner\/fachinformationen\/#breadcrumb","itemListElement":[{"@type":"ListItem","position":1,"name":"Startseite","item":"https:\/\/www.bup.at\/"},{"@type":"ListItem","position":2,"name":"Client Corner","item":"https:\/\/www.bup.at\/client-corner\/"},{"@type":"ListItem","position":3,"name":"Specialized information"}]},{"@type":"WebSite","@id":"https:\/\/www.bup.at\/#website","url":"https:\/\/www.bup.at\/","name":"Baldinger und Partner","description":"","publisher":{"@id":"https:\/\/www.bup.at\/#organization"},"potentialAction":[{"@type":"SearchAction","target":{"@type":"EntryPoint","urlTemplate":"https:\/\/www.bup.at\/?s={search_term_string}"},"query-input":{"@type":"PropertyValueSpecification","valueRequired":true,"valueName":"search_term_string"}}],"inLanguage":"en-US"},{"@type":"Organization","@id":"https:\/\/www.bup.at\/#organization","name":"Baldinger und Partner","url":"https:\/\/www.bup.at\/","logo":{"@type":"ImageObject","inLanguage":"en-US","@id":"https:\/\/www.bup.at\/#\/schema\/logo\/image\/","url":"https:\/\/www.bup.at\/wp-content\/uploads\/2023\/04\/logo.svg","contentUrl":"https:\/\/www.bup.at\/wp-content\/uploads\/2023\/04\/logo.svg","width":547,"height":220,"caption":"Baldinger und Partner"},"image":{"@id":"https:\/\/www.bup.at\/#\/schema\/logo\/image\/"}}]}},"_links":{"self":[{"href":"https:\/\/www.bup.at\/en\/wp-json\/wp\/v2\/pages\/12414","targetHints":{"allow":["GET"]}}],"collection":[{"href":"https:\/\/www.bup.at\/en\/wp-json\/wp\/v2\/pages"}],"about":[{"href":"https:\/\/www.bup.at\/en\/wp-json\/wp\/v2\/types\/page"}],"author":[{"embeddable":true,"href":"https:\/\/www.bup.at\/en\/wp-json\/wp\/v2\/users\/5"}],"replies":[{"embeddable":true,"href":"https:\/\/www.bup.at\/en\/wp-json\/wp\/v2\/comments?post=12414"}],"version-history":[{"count":25,"href":"https:\/\/www.bup.at\/en\/wp-json\/wp\/v2\/pages\/12414\/revisions"}],"predecessor-version":[{"id":13968,"href":"https:\/\/www.bup.at\/en\/wp-json\/wp\/v2\/pages\/12414\/revisions\/13968"}],"up":[{"embeddable":true,"href":"https:\/\/www.bup.at\/en\/wp-json\/wp\/v2\/pages\/1791"}],"wp:featuredmedia":[{"embeddable":true,"href":"https:\/\/www.bup.at\/en\/wp-json\/wp\/v2\/media\/13745"}],"wp:attachment":[{"href":"https:\/\/www.bup.at\/en\/wp-json\/wp\/v2\/media?parent=12414"}],"curies":[{"name":"wp","href":"https:\/\/api.w.org\/{rel}","templated":true}]}}